{"id":146,"date":"2025-02-11T23:19:57","date_gmt":"2025-02-11T22:19:57","guid":{"rendered":"http:\/\/web.cokparking.com\/?page_id=146"},"modified":"2025-02-11T23:20:37","modified_gmt":"2025-02-11T22:20:37","slug":"warunki-i-zasady","status":"publish","type":"page","link":"https:\/\/cokparking.com\/pl\/warunki-i-zasady\/","title":{"rendered":"Warunki korzystania z serwisu"},"content":{"rendered":"<h2 class=\"wp-block-heading\"><strong>Warunki korzystania z us\u0142ugi<\/strong><\/h2>\n\n\n\n<h4 class=\"wp-block-heading\"><strong>Obowi\u0105zki w\u0142a\u015bciciela parkingu<\/strong><\/h4>\n\n\n\n<p>Zgodnie z Ustaw\u0105 o umowach parkingowych (Ustawa 40\/2002 z dnia 14 listopada) w\u0142a\u015bciciel parkingu ponosi odpowiedzialno\u015b\u0107 za wszelkie szkody, jakich mo\u017ce dozna\u0107 pojazd lub u\u017cytkownik, z wyj\u0105tkiem szk\u00f3d wyrz\u0105dzonych przez osoby trzecie lub samego u\u017cytkownika parkingu. Obejmuje to:<\/p>\n\n\n\n<ul class=\"wp-block-list\">\n<li>Obra\u017cenia cia\u0142a spowodowane z\u0142ym stanem lub niew\u0142a\u015bciw\u0105 konserwacj\u0105 obiekt\u00f3w.<\/li>\n\n\n\n<li>Uszkodzenia pojazd\u00f3w spowodowane osuwiskami, powodziami spowodowanymi p\u0119kni\u0119ciem rur itp.<\/li>\n\n\n\n<li>Uszkodzenia pojazdu powsta\u0142e w wyniku kradzie\u017cy: wybite szyby, zagini\u0119cie pojazdu itp. W przypadku uszkodzenia pojazdu powsta\u0142ego w wyniku kradzie\u017cy, wy\u0142\u0105czone s\u0105 z ochrony ubezpieczeniowej wszystkie akcesoria pojazdu, kt\u00f3re nie stanowi\u0105 sta\u0142ej lub nieod\u0142\u0105cznej cz\u0119\u015bci pojazdu.<\/li>\n<\/ul>\n\n\n\n<p>Firma nie ponosi odpowiedzialno\u015bci za uszkodzenia pojazd\u00f3w lub mienia powsta\u0142e w wyniku dzia\u0142ania si\u0142 natury podczas eksploatacji zewn\u0119trznej powierzchni parkingu.<\/p>\n\n\n\n<p>Podczas transportu pojazdu na lotnisko lub z lotniska, pojazd jest obj\u0119ty ubezpieczeniem osobistym klienta, a klient odpowiada za wszelkie roszczenia, je\u015bli oka\u017ce si\u0119, \u017ce wina le\u017cy po stronie drugiej strony.<\/p>\n\n\n\n<p>Je\u017celi zostanie ustalone, \u017ce win\u0119 ponosi nasz personel, COK Parking przejmie odpowiedzialno\u015b\u0107 i podejmie odpowiednie dzia\u0142ania w celu dokonania naprawy.<\/p>\n\n\n\n<p>COK Parking nie bierze odpowiedzialno\u015bci za \u017caden przysz\u0142y wzrost ceny polisy ubezpieczeniowej klienta w przypadku jakiegokolwiek roszczenia.<\/p>\n\n\n\n<p>Po odebraniu samochodu przez klienta nie b\u0119dziemy przyjmowa\u0107 reklamacji dotycz\u0105cych uszkodze\u0144 samochodu; klient zobowi\u0105zany jest do sprawdzenia pojazdu w momencie odbioru.<\/p>\n\n\n\n<p>Nasz parking jest dost\u0119pny od 04:00 do 01:00, 365 dni w roku.<\/p>\n\n\n\n<p>Po godzinie 01:00 pobierana jest dodatkowa op\u0142ata w wysoko\u015bci 5 euro za godzin\u0119.<\/p>\n\n\n\n<p>Klienci posiadaj\u0105cy umow\u0119 roczn\u0105 musz\u0105 zawsze dokona\u0107 rezerwacji online co najmniej 24 godziny wcze\u015bniej, w przeciwnym razie b\u0119d\u0105 musieli zap\u0142aci\u0107 10 euro.<\/p>\n\n\n\n<h4 class=\"wp-block-heading\"><strong>Obowi\u0105zki u\u017cytkownika<\/strong><\/h4>\n\n\n\n<p>Klient musi usun\u0105\u0107 wszelkie niezabezpieczone przedmioty i akcesoria, takie jak radio samochodowe, telefon kom\u00f3rkowy lub dokumenty pojazdu. Nie przyjmujemy roszcze\u0144 z tytu\u0142u zgubionych lub uszkodzonych pokrowc\u00f3w samochodowych, a nasi pracownicy nie s\u0105 zobowi\u0105zani do ich wymiany. Przy odbiorze pojazdu nale\u017cy obowi\u0105zkowo przedstawi\u0107 paragon lub pisemny dow\u00f3d wynajmu. W przeciwnym razie konieczne b\u0119dzie udowodnienie w\u0142asno\u015bci pojazdu. Firma dostarczy pisemny dow\u00f3d w\u0142asno\u015bci zawieraj\u0105cy nast\u0119puj\u0105ce informacje:<\/p>\n\n\n\n<ul class=\"wp-block-list\">\n<li>Dzie\u0144 i godzina wej\u015bcia, decyduj\u0105ce o ustaleniu ceny.<\/li>\n\n\n\n<li>Identyfikacja pojazdu i kierowcy.<\/li>\n<\/ul>\n\n\n\n<p>Firma nie ponosi odpowiedzialno\u015bci w przypadku zgubienia instrukcji zwrotu\/ponumerowanego paragonu, kt\u00f3re zostan\u0105 przedstawione firmie przez osob\u0119 trzeci\u0105, kt\u00f3ra wykorzysta je do nieuczciwego odebrania Twojego samochodu.<\/p>\n\n\n\n<p>Klient jest zobowi\u0105zany do zapewnienia zwrotu pojazdu w wyznaczonym terminie, uzgodnionym przez obie strony, tj. klienta i COK Parking. Niezwr\u00f3cenie pojazdu w wyznaczonym terminie mo\u017ce skutkowa\u0107 naliczeniem dodatkowych op\u0142at.<\/p>\n\n\n\n<p>Klient jest odpowiedzialny za ka\u017cdy dodatkowy dzie\u0144 po pierwotnej rezerwacji i musi ui\u015bci\u0107 op\u0142at\u0119 przy odbiorze pojazdu.<\/p>\n\n\n\n<p>Klient jest zobowi\u0105zany dostarczy\u0107 COK Parking orygina\u0142y lub kserokopie wszystkich istotnych dokument\u00f3w pojazdu, w tym dokument\u00f3w rejestracyjnych pojazdu, polisy ubezpieczeniowej oraz wa\u017cnego \u015bwiadectwa przegl\u0105du technicznego. Bez tych dokument\u00f3w COK Parking nie b\u0119dzie ponosi\u0107 odpowiedzialno\u015bci za \u017cadne mandaty ani dodatkowe koszty.<\/p>\n\n\n\n<p>Je\u017celi klient nie jest w\u0142a\u015bcicielem pojazdu, wszelkie koszty prawne i ewentualne szkody b\u0119d\u0105 obci\u0105\u017ca\u0142y w\u0142a\u015bciciela pojazdu.<\/p>\n\n\n\n<p>Klient musi mie\u0107 przy sobie zapasowy klucz lub kod klucza na wypadek zgubienia orygina\u0142u. Klient nie ponosi odpowiedzialno\u015bci za brak zapasowego klucza.<\/p>\n\n\n\n<p>Zaleca si\u0119 zarezerwowanie odpowiedniego czasu na dotarcie na miejsce spotkania co najmniej 20 minut przed czasem odprawy podanym przez lini\u0119 lotnicz\u0105.<\/p>\n\n\n\n<p>Nie ponosimy odpowiedzialno\u015bci za straty, jakie mo\u017cesz ponie\u015b\u0107 w przypadku sp\u00f3\u017anienia si\u0119 na lot z powodu utrudnie\u0144 w ruchu.<\/p>\n\n\n\n<p>U\u017cytkownik parkingu jest odpowiedzialny za znalezienie i powr\u00f3t do naszego miejsca spotkania. Nie ponosimy odpowiedzialno\u015bci za ewentualne trudno\u015bci ze znalezieniem miejsca spotkania ani za stres zwi\u0105zany z oczekiwaniem.<\/p>\n\n\n\n<h4 class=\"wp-block-heading\"><strong>Prawa w\u0142a\u015bciciela parkingu<\/strong><\/h4>\n\n\n\n<p>W\u0142a\u015bciciel parkingu zastrzega sobie prawo zastawu na poje\u017adzie jako zabezpieczenie op\u0142aty parkingowej. Firma zastrzega sobie prawo do zmiany cen, z wyprzedzeniem lub bez. Podane ceny zawieraj\u0105 podatek VAT.<\/p>\n\n\n\n<p>W\u0142a\u015bciciel parkingu mo\u017ce skorzysta\u0107 z procedury przewidzianej w artykule 71 tekstu jednolitego ustawy Prawo o ruchu drogowym, gdy samoch\u00f3d pozostaje zaparkowany przez d\u0142u\u017cszy czas bez reakcji ze strony w\u0142a\u015bcicieli.<\/p>\n\n\n\n<p>Firma zastrzega sobie prawo do przemieszczania pojazdu w obr\u0119bie parkingu, zar\u00f3wno samochodem, jak i w inny spos\u00f3b, je\u015bli firma, jej pracownicy lub agenci uznaj\u0105 to za konieczne dla sprawnego funkcjonowania parkingu. Kluczyk do samochodu zawsze zostanie przekazany naszym pracownikom.<\/p>\n\n\n\n<p>Firma zastrzega sobie prawo do odwo\u0142ania bezp\u0142atnego mycia elewacji w przypadku niekorzystnych warunk\u00f3w pogodowych. Ponadto nie ponosimy odpowiedzialno\u015bci, je\u015bli bezp\u0142atne mycie nie zostanie wykonane na wysokim poziomie.<\/p>\n\n\n\n<p>Firma nie ponosi odpowiedzialno\u015bci za jakiekolwiek awarie mechaniczne pojazdu. Dotyczy to m.in. problem\u00f3w z uruchomieniem akumulatora, awarii szyb elektrycznych, przebitych opon, kluczyk\u00f3w samochodowych, przycisk\u00f3w itp. Postaramy si\u0119 pom\u00f3c klientom, ale nie ponosimy odpowiedzialno\u015bci. Nie pokrywamy koszt\u00f3w naprawy uszkodze\u0144 szyb przednich, okien ani klamek pojazdu.<\/p>\n\n\n\n<p>Firma nie ponosi odpowiedzialno\u015bci za przebicia ani uszkodzenia opon. Wszelkie koszty naprawy opon ponosi w\u0142a\u015bciciel.<\/p>\n\n\n\n<p>Firma nie bierze odpowiedzialno\u015bci za utrat\u0119 przez samoch\u00f3d jakichkolwiek jego ruchomych cz\u0119\u015bci, np. lusterek, rur wydechowych, anten itp.<\/p>\n\n\n\n<p>Firma nigdy nie ponosi odpowiedzialno\u015bci za uszkodzenia, uderzenia, zadrapania ani drobne otarcia o \u015brednicy mniejszej ni\u017c 5 cm, poniewa\u017c mog\u0105 by\u0107 one dla nas niezauwa\u017calne. Nigdy nie ponosimy odpowiedzialno\u015bci za takie uszkodzenia.<\/p>\n\n\n\n<p>Mamy prawo odm\u00f3wi\u0107 przyj\u0119cia samochodu, pomimo dokonanej rezerwacji, je\u015bli nie jest on w dobrym stanie technicznym lub jest zbyt du\u017cy i m\u00f3g\u0142by sprawi\u0107 nam problemy lub zagrozi\u0107 innym samochodom.<\/p>\n\n\n\n<p>Pozostawienie samochodu w naszym obiekcie upowa\u017cnia i zobowi\u0105zuje u\u017cytkownik\u00f3w do przestrzegania wszystkich niniejszych warunk\u00f3w i regulamin\u00f3w.<\/p>\n\n\n\n<p>COK Parking b\u0119dzie przetwarza\u0107 Twoje dane osobowe zgodnie z nasz\u0105 Polityk\u0105 Prywatno\u015bci, stosuj\u0105c si\u0119 do hiszpa\u0144skich przepis\u00f3w prawnych w tej kwestii.<\/p>","protected":false},"excerpt":{"rendered":"<p>T\u00e9rminos y Condiciones del Servicio Obligaciones del Propietario del Parking De acuerdo con la Ley Reguladora del Contrato de Aparcamiento de Veh\u00edculos (Ley 40\/2002, de 14 de noviembre), el propietario del parking es responsable de los da\u00f1os que pueda sufrir el veh\u00edculo o el usuario, excepto por da\u00f1os causados por terceros o por el propio [&hellip;]<\/p>","protected":false},"author":1,"featured_media":0,"parent":0,"menu_order":0,"comment_status":"closed","ping_status":"closed","template":"","meta":{"footnotes":""},"class_list":["post-146","page","type-page","status-publish","hentry"],"yoast_head":"<!-- This site is optimized with the Yoast SEO plugin v26.6 - https:\/\/yoast.com\/wordpress\/plugins\/seo\/ -->\n<title>T\u00e9rminos y Condiciones &#187; CokParking<\/title>\n<meta name=\"description\" content=\"T\u00e9rminos y Condiciones del Servicio Obligaciones del Propietario del Parking De acuerdo con la Ley Reguladora del Contrato de Aparcamiento de Veh\u00edculos\" \/>\n<meta name=\"robots\" content=\"index, follow, max-snippet:-1, max-image-preview:large, max-video-preview:-1\" \/>\n<link rel=\"canonical\" href=\"https:\/\/cokparking.com\/pl\/warunki-i-zasady\/\" \/>\n<meta property=\"og:locale\" content=\"pl_PL\" \/>\n<meta property=\"og:type\" content=\"article\" \/>\n<meta property=\"og:title\" content=\"T\u00e9rminos y Condiciones &#187; CokParking\" \/>\n<meta property=\"og:description\" content=\"T\u00e9rminos y Condiciones del Servicio Obligaciones del Propietario del Parking De acuerdo con la Ley Reguladora del Contrato de Aparcamiento de Veh\u00edculos\" \/>\n<meta property=\"og:url\" content=\"https:\/\/cokparking.com\/pl\/warunki-i-zasady\/\" \/>\n<meta property=\"og:site_name\" content=\"CokParking\" \/>\n<meta property=\"article:modified_time\" content=\"2025-02-11T22:20:37+00:00\" \/>\n<meta property=\"og:image\" content=\"https:\/\/cokparking.com\/wp-content\/uploads\/2025\/02\/alicante-air-port.webp\" \/>\n\t<meta property=\"og:image:width\" content=\"1230\" \/>\n\t<meta property=\"og:image:height\" content=\"693\" \/>\n\t<meta property=\"og:image:type\" content=\"image\/webp\" \/>\n<meta name=\"twitter:card\" content=\"summary_large_image\" \/>\n<meta name=\"twitter:label1\" content=\"Szacowany czas czytania\" \/>\n\t<meta name=\"twitter:data1\" content=\"6 minutes\" \/>\n<script type=\"application\/ld+json\" class=\"yoast-schema-graph\">{\"@context\":\"https:\/\/schema.org\",\"@graph\":[{\"@type\":\"WebPage\",\"@id\":\"https:\/\/cokparking.com\/ru\/%d1%83%d1%81%d0%bb%d0%be%d0%b2%d0%b8%d1%8f-%d0%b8-%d0%bf%d0%be%d0%bb%d0%be%d0%b6%d0%b5%d0%bd%d0%b8%d1%8f\/\",\"url\":\"https:\/\/cokparking.com\/ru\/%d1%83%d1%81%d0%bb%d0%be%d0%b2%d0%b8%d1%8f-%d0%b8-%d0%bf%d0%be%d0%bb%d0%be%d0%b6%d0%b5%d0%bd%d0%b8%d1%8f\/\",\"name\":\"T\u00e9rminos y Condiciones &#187; CokParking\",\"isPartOf\":{\"@id\":\"https:\/\/cokparking.com\/ru\/#website\"},\"datePublished\":\"2025-02-11T22:19:57+00:00\",\"dateModified\":\"2025-02-11T22:20:37+00:00\",\"description\":\"T\u00e9rminos y Condiciones del Servicio Obligaciones del Propietario del Parking De acuerdo con la Ley Reguladora del Contrato de Aparcamiento de Veh\u00edculos\",\"breadcrumb\":{\"@id\":\"https:\/\/cokparking.com\/ru\/%d1%83%d1%81%d0%bb%d0%be%d0%b2%d0%b8%d1%8f-%d0%b8-%d0%bf%d0%be%d0%bb%d0%be%d0%b6%d0%b5%d0%bd%d0%b8%d1%8f\/#breadcrumb\"},\"inLanguage\":\"pl-PL\",\"potentialAction\":[{\"@type\":\"ReadAction\",\"target\":[\"https:\/\/cokparking.com\/ru\/%d1%83%d1%81%d0%bb%d0%be%d0%b2%d0%b8%d1%8f-%d0%b8-%d0%bf%d0%be%d0%bb%d0%be%d0%b6%d0%b5%d0%bd%d0%b8%d1%8f\/\"]}]},{\"@type\":\"BreadcrumbList\",\"@id\":\"https:\/\/cokparking.com\/ru\/%d1%83%d1%81%d0%bb%d0%be%d0%b2%d0%b8%d1%8f-%d0%b8-%d0%bf%d0%be%d0%bb%d0%be%d0%b6%d0%b5%d0%bd%d0%b8%d1%8f\/#breadcrumb\",\"itemListElement\":[{\"@type\":\"ListItem\",\"position\":1,\"name\":\"Portada\",\"item\":\"https:\/\/cokparking.com\/\"},{\"@type\":\"ListItem\",\"position\":2,\"name\":\"T\u00e9rminos y Condiciones\"}]},{\"@type\":\"WebSite\",\"@id\":\"https:\/\/cokparking.com\/ru\/#website\",\"url\":\"https:\/\/cokparking.com\/ru\/\",\"name\":\"CokParking\",\"description\":\"Parking Aeropuerto Alicante Pol\u00edgono 1, 43, 03195 Elche, Alicante\",\"publisher\":{\"@id\":\"https:\/\/cokparking.com\/ru\/#organization\"},\"alternateName\":\"Cok Parking\",\"potentialAction\":[{\"@type\":\"SearchAction\",\"target\":{\"@type\":\"EntryPoint\",\"urlTemplate\":\"https:\/\/cokparking.com\/ru\/?s={search_term_string}\"},\"query-input\":{\"@type\":\"PropertyValueSpecification\",\"valueRequired\":true,\"valueName\":\"search_term_string\"}}],\"inLanguage\":\"pl-PL\"},{\"@type\":\"Organization\",\"@id\":\"https:\/\/cokparking.com\/ru\/#organization\",\"name\":\"CokParking\",\"alternateName\":\"Cok Parking\",\"url\":\"https:\/\/cokparking.com\/ru\/\",\"logo\":{\"@type\":\"ImageObject\",\"inLanguage\":\"pl-PL\",\"@id\":\"https:\/\/cokparking.com\/ru\/#\/schema\/logo\/image\/\",\"url\":\"https:\/\/cokparking.com\/wp-content\/uploads\/2025\/02\/cokparking.webp\",\"contentUrl\":\"https:\/\/cokparking.com\/wp-content\/uploads\/2025\/02\/cokparking.webp\",\"width\":394,\"height\":338,\"caption\":\"CokParking\"},\"image\":{\"@id\":\"https:\/\/cokparking.com\/ru\/#\/schema\/logo\/image\/\"}}]}<\/script>\n<!-- \/ Yoast SEO plugin. -->","yoast_head_json":{"title":"Regulamin \u00bb CockParking","description":"Regulamin \u015bwiadczenia us\u0142ug parkingowych Obowi\u0105zki w\u0142a\u015bciciela parkingu zgodnie z Ustaw\u0105 o umowach parkingowych","robots":{"index":"index","follow":"follow","max-snippet":"max-snippet:-1","max-image-preview":"max-image-preview:large","max-video-preview":"max-video-preview:-1"},"canonical":"https:\/\/cokparking.com\/pl\/warunki-i-zasady\/","og_locale":"pl_PL","og_type":"article","og_title":"T\u00e9rminos y Condiciones &#187; CokParking","og_description":"T\u00e9rminos y Condiciones del Servicio Obligaciones del Propietario del Parking De acuerdo con la Ley Reguladora del Contrato de Aparcamiento de Veh\u00edculos","og_url":"https:\/\/cokparking.com\/pl\/warunki-i-zasady\/","og_site_name":"CokParking","article_modified_time":"2025-02-11T22:20:37+00:00","og_image":[{"width":1230,"height":693,"url":"https:\/\/cokparking.com\/wp-content\/uploads\/2025\/02\/alicante-air-port.webp","type":"image\/webp"}],"twitter_card":"summary_large_image","twitter_misc":{"Szacowany czas czytania":"6 minutes"},"schema":{"@context":"https:\/\/schema.org","@graph":[{"@type":"WebPage","@id":"https:\/\/cokparking.com\/ru\/%d1%83%d1%81%d0%bb%d0%be%d0%b2%d0%b8%d1%8f-%d0%b8-%d0%bf%d0%be%d0%bb%d0%be%d0%b6%d0%b5%d0%bd%d0%b8%d1%8f\/","url":"https:\/\/cokparking.com\/ru\/%d1%83%d1%81%d0%bb%d0%be%d0%b2%d0%b8%d1%8f-%d0%b8-%d0%bf%d0%be%d0%bb%d0%be%d0%b6%d0%b5%d0%bd%d0%b8%d1%8f\/","name":"Regulamin \u00bb CockParking","isPartOf":{"@id":"https:\/\/cokparking.com\/ru\/#website"},"datePublished":"2025-02-11T22:19:57+00:00","dateModified":"2025-02-11T22:20:37+00:00","description":"Regulamin \u015bwiadczenia us\u0142ug parkingowych Obowi\u0105zki w\u0142a\u015bciciela parkingu zgodnie z Ustaw\u0105 o umowach parkingowych","breadcrumb":{"@id":"https:\/\/cokparking.com\/ru\/%d1%83%d1%81%d0%bb%d0%be%d0%b2%d0%b8%d1%8f-%d0%b8-%d0%bf%d0%be%d0%bb%d0%be%d0%b6%d0%b5%d0%bd%d0%b8%d1%8f\/#breadcrumb"},"inLanguage":"pl-PL","potentialAction":[{"@type":"ReadAction","target":["https:\/\/cokparking.com\/ru\/%d1%83%d1%81%d0%bb%d0%be%d0%b2%d0%b8%d1%8f-%d0%b8-%d0%bf%d0%be%d0%bb%d0%be%d0%b6%d0%b5%d0%bd%d0%b8%d1%8f\/"]}]},{"@type":"BreadcrumbList","@id":"https:\/\/cokparking.com\/ru\/%d1%83%d1%81%d0%bb%d0%be%d0%b2%d0%b8%d1%8f-%d0%b8-%d0%bf%d0%be%d0%bb%d0%be%d0%b6%d0%b5%d0%bd%d0%b8%d1%8f\/#breadcrumb","itemListElement":[{"@type":"ListItem","position":1,"name":"Portada","item":"https:\/\/cokparking.com\/"},{"@type":"ListItem","position":2,"name":"T\u00e9rminos y Condiciones"}]},{"@type":"WebSite","@id":"https:\/\/cokparking.com\/ru\/#website","url":"https:\/\/cokparking.com\/ru\/","name":"CokParking","description":"Alicante Airport Parking Industrial Estate 1, 43, 03195 Elche, Alicante","publisher":{"@id":"https:\/\/cokparking.com\/ru\/#organization"},"alternateName":"Cok Parking","potentialAction":[{"@type":"SearchAction","target":{"@type":"EntryPoint","urlTemplate":"https:\/\/cokparking.com\/ru\/?s={search_term_string}"},"query-input":{"@type":"PropertyValueSpecification","valueRequired":true,"valueName":"search_term_string"}}],"inLanguage":"pl-PL"},{"@type":"Organization","@id":"https:\/\/cokparking.com\/ru\/#organization","name":"CokParking","alternateName":"Cok Parking","url":"https:\/\/cokparking.com\/ru\/","logo":{"@type":"ImageObject","inLanguage":"pl-PL","@id":"https:\/\/cokparking.com\/ru\/#\/schema\/logo\/image\/","url":"https:\/\/cokparking.com\/wp-content\/uploads\/2025\/02\/cokparking.webp","contentUrl":"https:\/\/cokparking.com\/wp-content\/uploads\/2025\/02\/cokparking.webp","width":394,"height":338,"caption":"CokParking"},"image":{"@id":"https:\/\/cokparking.com\/ru\/#\/schema\/logo\/image\/"}}]}},"_links":{"self":[{"href":"https:\/\/cokparking.com\/pl\/wp-json\/wp\/v2\/pages\/146","targetHints":{"allow":["GET"]}}],"collection":[{"href":"https:\/\/cokparking.com\/pl\/wp-json\/wp\/v2\/pages"}],"about":[{"href":"https:\/\/cokparking.com\/pl\/wp-json\/wp\/v2\/types\/page"}],"author":[{"embeddable":true,"href":"https:\/\/cokparking.com\/pl\/wp-json\/wp\/v2\/users\/1"}],"replies":[{"embeddable":true,"href":"https:\/\/cokparking.com\/pl\/wp-json\/wp\/v2\/comments?post=146"}],"version-history":[{"count":2,"href":"https:\/\/cokparking.com\/pl\/wp-json\/wp\/v2\/pages\/146\/revisions"}],"predecessor-version":[{"id":148,"href":"https:\/\/cokparking.com\/pl\/wp-json\/wp\/v2\/pages\/146\/revisions\/148"}],"wp:attachment":[{"href":"https:\/\/cokparking.com\/pl\/wp-json\/wp\/v2\/media?parent=146"}],"curies":[{"name":"wp","href":"https:\/\/api.w.org\/{rel}","templated":true}]}}