{"id":146,"date":"2025-02-11T23:19:57","date_gmt":"2025-02-11T22:19:57","guid":{"rendered":"http:\/\/web.cokparking.com\/?page_id=146"},"modified":"2025-02-11T23:20:37","modified_gmt":"2025-02-11T22:20:37","slug":"termes-et-conditions","status":"publish","type":"page","link":"https:\/\/cokparking.com\/fr\/termes-et-conditions\/","title":{"rendered":"Termes et conditions"},"content":{"rendered":"<h2 class=\"wp-block-heading\"><strong>Conditions g\u00e9n\u00e9rales de service<\/strong><\/h2>\n\n\n\n<h4 class=\"wp-block-heading\"><strong>Obligations du propri\u00e9taire du parking<\/strong><\/h4>\n\n\n\n<p>Conform\u00e9ment \u00e0 la loi r\u00e9gissant les contrats de stationnement (loi 40\/2002 du 14 novembre), le propri\u00e9taire du parking est responsable de tout dommage subi par le v\u00e9hicule ou l&#039;utilisateur, \u00e0 l&#039;exception des dommages caus\u00e9s par des tiers ou par l&#039;utilisateur lui-m\u00eame. Cela inclut\u00a0:<\/p>\n\n\n\n<ul class=\"wp-block-list\">\n<li>Blessures corporelles dues au mauvais \u00e9tat ou \u00e0 l&#039;entretien insuffisant des installations.<\/li>\n\n\n\n<li>Dommages aux v\u00e9hicules caus\u00e9s par des glissements de terrain, des inondations dues \u00e0 des ruptures de canalisations, etc.<\/li>\n\n\n\n<li>Dommages caus\u00e9s au v\u00e9hicule par un vol\u00a0: vitres bris\u00e9es, disparition du v\u00e9hicule, etc. En cas de dommages caus\u00e9s par un vol, tous les accessoires du v\u00e9hicule qui ne font pas partie int\u00e9grante de celui-ci sont exclus.<\/li>\n<\/ul>\n\n\n\n<p>L&#039;entreprise d\u00e9cline toute responsabilit\u00e9 en cas de dommages caus\u00e9s aux v\u00e9hicules ou aux biens par des intemp\u00e9ries lors de l&#039;entretien des surfaces ext\u00e9rieures du parking.<\/p>\n\n\n\n<p>Pendant le transfert de votre v\u00e9hicule vers ou depuis l&#039;a\u00e9roport, il est couvert par votre assurance personnelle et le client est responsable de toute r\u00e9clamation si la faute est imputable \u00e0 l&#039;autre partie.<\/p>\n\n\n\n<p>S\u2019il est \u00e9tabli que la faute incombe \u00e0 notre personnel, COK Parking en assumera la responsabilit\u00e9 et prendra les dispositions n\u00e9cessaires pour la r\u00e9paration.<\/p>\n\n\n\n<p>COK Parking ne sera pas responsable d&#039;une \u00e9ventuelle augmentation future du prix de la police d&#039;assurance du client en cas de sinistre.<\/p>\n\n\n\n<p>Une fois le v\u00e9hicule r\u00e9cup\u00e9r\u00e9 par le client, nous n&#039;accepterons aucune r\u00e9clamation concernant des dommages caus\u00e9s \u00e0 la voiture ; le client doit la v\u00e9rifier au moment de la livraison.<\/p>\n\n\n\n<p>Notre service de parking est disponible de 4h00 \u00e0 1h00, 365 jours par an.<\/p>\n\n\n\n<p>Apr\u00e8s 1h00, un suppl\u00e9ment de 5 euros par heure est requis.<\/p>\n\n\n\n<p>Les clients ayant un contrat annuel doivent imp\u00e9rativement effectuer une r\u00e9servation en ligne au moins 24 heures \u00e0 l&#039;avance, faute de quoi ils devront s&#039;acquitter d&#039;un suppl\u00e9ment de 10 \u20ac.<\/p>\n\n\n\n<h4 class=\"wp-block-heading\"><strong>Obligations de l&#039;utilisateur<\/strong><\/h4>\n\n\n\n<p>Le client doit retirer tout objet ou accessoire non fix\u00e9, comme l&#039;autoradio, le t\u00e9l\u00e9phone portable ou les papiers du v\u00e9hicule. Nous n&#039;acceptons aucune r\u00e9clamation pour les housses de voiture perdues ou endommag\u00e9es, et notre personnel n&#039;est pas tenu de les remplacer. La pr\u00e9sentation du re\u00e7u ou d&#039;une preuve \u00e9crite de location est obligatoire pour r\u00e9cup\u00e9rer le v\u00e9hicule. \u00c0 d\u00e9faut, vous devrez justifier de la propri\u00e9t\u00e9 du v\u00e9hicule. La soci\u00e9t\u00e9 vous fournira une preuve \u00e9crite de propri\u00e9t\u00e9 contenant les informations suivantes\u00a0:<\/p>\n\n\n\n<ul class=\"wp-block-list\">\n<li>Le jour et l&#039;heure d&#039;entr\u00e9e sont d\u00e9terminants pour la fixation du prix.<\/li>\n\n\n\n<li>Identification du v\u00e9hicule et du conducteur.<\/li>\n<\/ul>\n\n\n\n<p>La soci\u00e9t\u00e9 d\u00e9cline toute responsabilit\u00e9 si vous perdez vos instructions de retour\/votre re\u00e7u num\u00e9rot\u00e9 et que celui-ci est pr\u00e9sent\u00e9 \u00e0 la soci\u00e9t\u00e9 par un tiers qui l&#039;utilise pour r\u00e9cup\u00e9rer frauduleusement votre v\u00e9hicule.<\/p>\n\n\n\n<p>Le client doit s&#039;assurer que le v\u00e9hicule est restitu\u00e9 \u00e0 l&#039;heure convenue entre le client et COK Parking. Tout retard dans la restitution du v\u00e9hicule pourra entra\u00eener des frais suppl\u00e9mentaires.<\/p>\n\n\n\n<p>Le client est responsable de tout jour suppl\u00e9mentaire au-del\u00e0 de sa r\u00e9servation initiale et doit le r\u00e9gler lors de la prise en charge du v\u00e9hicule.<\/p>\n\n\n\n<p>Le client doit fournir \u00e0 COK Parking les documents originaux ou des photocopies de tous les papiers du v\u00e9hicule, notamment la carte grise, l&#039;attestation d&#039;assurance et le certificat de contr\u00f4le technique (CT) valide. Sans ces documents, COK Parking d\u00e9cline toute responsabilit\u00e9 en cas d&#039;amendes ou de frais suppl\u00e9mentaires.<\/p>\n\n\n\n<p>Si le client n&#039;est pas le propri\u00e9taire du v\u00e9hicule, tous les frais juridiques et dommages \u00e9ventuels resteront \u00e0 la charge du propri\u00e9taire du v\u00e9hicule.<\/p>\n\n\n\n<p>Le client doit \u00eatre en possession d&#039;une cl\u00e9 de rechange ou du code d&#039;acc\u00e8s en cas de perte de l&#039;original. Aucune responsabilit\u00e9 ne sera assum\u00e9e si le client ne poss\u00e8de pas de cl\u00e9 de rechange.<\/p>\n\n\n\n<p>Il est recommand\u00e9 de pr\u00e9voir suffisamment de temps de trajet pour arriver au point de rencontre au moins 20 minutes avant l&#039;heure d&#039;enregistrement indiqu\u00e9e par votre compagnie a\u00e9rienne.<\/p>\n\n\n\n<p>Nous ne sommes pas responsables des pertes que vous pourriez subir si des embouteillages vous font rater votre vol.<\/p>\n\n\n\n<p>L&#039;utilisateur du parking est responsable de trouver notre point de rencontre et d&#039;y revenir ; nous ne sommes pas responsables s&#039;il a des difficult\u00e9s \u00e0 le trouver ni du stress caus\u00e9 par l&#039;attente.<\/p>\n\n\n\n<h4 class=\"wp-block-heading\"><strong>Droits du propri\u00e9taire d&#039;un parking<\/strong><\/h4>\n\n\n\n<p>Le propri\u00e9taire du parking se r\u00e9serve un droit de r\u00e9tention sur le v\u00e9hicule en garantie du paiement du stationnement. La soci\u00e9t\u00e9 se r\u00e9serve le droit de modifier ses tarifs, avec ou sans pr\u00e9avis. Nos tarifs incluent la TVA.<\/p>\n\n\n\n<p>Le propri\u00e9taire du parking peut utiliser la proc\u00e9dure pr\u00e9vue \u00e0 l&#039;article 71 du texte codifi\u00e9 du Code de la route lorsqu&#039;une voiture reste stationn\u00e9e pendant une p\u00e9riode relativement longue sans r\u00e9ponse des propri\u00e9taires.<\/p>\n\n\n\n<p>L&#039;entreprise se r\u00e9serve le droit de d\u00e9placer votre v\u00e9hicule sur le parking, par la route ou par tout autre moyen, selon ce que l&#039;entreprise, ses employ\u00e9s ou ses repr\u00e9sentants jugent n\u00e9cessaire au bon fonctionnement du parking. La cl\u00e9 du v\u00e9hicule sera syst\u00e9matiquement remise \u00e0 nos employ\u00e9s.<\/p>\n\n\n\n<p>L&#039;entreprise se r\u00e9serve le droit d&#039;annuler le lavage ext\u00e9rieur gratuit en cas de conditions m\u00e9t\u00e9orologiques d\u00e9favorables. De plus, nous d\u00e9clinons toute responsabilit\u00e9 si le lavage gratuit n&#039;est pas effectu\u00e9 selon des normes de qualit\u00e9 \u00e9lev\u00e9es.<\/p>\n\n\n\n<p>L&#039;entreprise d\u00e9cline toute responsabilit\u00e9 en cas de panne m\u00e9canique de votre v\u00e9hicule. Ceci inclut les probl\u00e8mes de d\u00e9marrage de la batterie, les dysfonctionnements des vitres \u00e9lectriques, les crevaisons, les cl\u00e9s, les boutons, etc. Nous nous efforcerons d&#039;aider nos clients, mais notre responsabilit\u00e9 ne saurait \u00eatre engag\u00e9e. Nous ne prenons pas en charge les dommages caus\u00e9s au pare-brise, aux vitres ou aux poign\u00e9es de porte.<\/p>\n\n\n\n<p>L&#039;entreprise d\u00e9cline toute responsabilit\u00e9 en cas de crevaison ou d&#039;endommagement des pneus. Les frais de r\u00e9paration des pneus sont \u00e0 la charge du propri\u00e9taire.<\/p>\n\n\n\n<p>La soci\u00e9t\u00e9 ne sera pas responsable si la voiture perd par elle-m\u00eame des pi\u00e8ces amovibles telles que les r\u00e9troviseurs, les tuyaux d&#039;\u00e9chappement, les antennes, etc.<\/p>\n\n\n\n<p>L&#039;entreprise ne sera jamais responsable des dommages, chocs, rayures ou \u00e9raflures mineures de moins de 5 cm de diam\u00e8tre, car ceux-ci peuvent \u00eatre imperceptibles pour nous. Nous n&#039;assumerons jamais la responsabilit\u00e9 de tels dommages.<\/p>\n\n\n\n<p>Nous nous r\u00e9servons le droit de refuser un v\u00e9hicule, malgr\u00e9 votre r\u00e9servation, s&#039;il n&#039;est pas en bon \u00e9tat de marche, ou s&#039;il est trop volumineux et pourrait nous causer des probl\u00e8mes ou pr\u00e9senter un danger pour les autres v\u00e9hicules.<\/p>\n\n\n\n<p>Le d\u00e9p\u00f4t d&#039;un v\u00e9hicule dans nos locaux permet et oblige les utilisateurs \u00e0 respecter l&#039;ensemble de ces conditions g\u00e9n\u00e9rales et r\u00e8glements.<\/p>\n\n\n\n<p>COK Parking traitera vos donn\u00e9es personnelles conform\u00e9ment \u00e0 sa politique de confidentialit\u00e9 et aux lois espagnoles en la mati\u00e8re.<\/p>","protected":false},"excerpt":{"rendered":"<p>T\u00e9rminos y Condiciones del Servicio Obligaciones del Propietario del Parking De acuerdo con la Ley Reguladora del Contrato de Aparcamiento de Veh\u00edculos (Ley 40\/2002, de 14 de noviembre), el propietario del parking es responsable de los da\u00f1os que pueda sufrir el veh\u00edculo o el usuario, excepto por da\u00f1os causados por terceros o por el propio [&hellip;]<\/p>","protected":false},"author":1,"featured_media":0,"parent":0,"menu_order":0,"comment_status":"closed","ping_status":"closed","template":"","meta":{"footnotes":""},"class_list":["post-146","page","type-page","status-publish","hentry"],"yoast_head":"<!-- This site is optimized with the Yoast SEO plugin v26.6 - https:\/\/yoast.com\/wordpress\/plugins\/seo\/ -->\n<title>T\u00e9rminos y Condiciones &#187; CokParking<\/title>\n<meta name=\"description\" content=\"T\u00e9rminos y Condiciones del Servicio Obligaciones del Propietario del Parking De acuerdo con la Ley Reguladora del Contrato de Aparcamiento de Veh\u00edculos\" \/>\n<meta name=\"robots\" content=\"index, follow, max-snippet:-1, max-image-preview:large, max-video-preview:-1\" \/>\n<link rel=\"canonical\" href=\"https:\/\/cokparking.com\/fr\/termes-et-conditions\/\" \/>\n<meta property=\"og:locale\" content=\"fr_FR\" \/>\n<meta property=\"og:type\" content=\"article\" \/>\n<meta property=\"og:title\" content=\"T\u00e9rminos y Condiciones &#187; CokParking\" \/>\n<meta property=\"og:description\" content=\"T\u00e9rminos y Condiciones del Servicio Obligaciones del Propietario del Parking De acuerdo con la Ley Reguladora del Contrato de Aparcamiento de Veh\u00edculos\" \/>\n<meta property=\"og:url\" content=\"https:\/\/cokparking.com\/fr\/termes-et-conditions\/\" \/>\n<meta property=\"og:site_name\" content=\"CokParking\" \/>\n<meta property=\"article:modified_time\" content=\"2025-02-11T22:20:37+00:00\" \/>\n<meta property=\"og:image\" content=\"https:\/\/cokparking.com\/wp-content\/uploads\/2025\/02\/alicante-air-port.webp\" \/>\n\t<meta property=\"og:image:width\" content=\"1230\" \/>\n\t<meta property=\"og:image:height\" content=\"693\" \/>\n\t<meta property=\"og:image:type\" content=\"image\/webp\" \/>\n<meta name=\"twitter:card\" content=\"summary_large_image\" \/>\n<meta name=\"twitter:label1\" content=\"Dur\u00e9e de lecture estim\u00e9e\" \/>\n\t<meta name=\"twitter:data1\" content=\"6 minutes\" \/>\n<script type=\"application\/ld+json\" class=\"yoast-schema-graph\">{\"@context\":\"https:\/\/schema.org\",\"@graph\":[{\"@type\":\"WebPage\",\"@id\":\"https:\/\/cokparking.com\/ru\/%d1%83%d1%81%d0%bb%d0%be%d0%b2%d0%b8%d1%8f-%d0%b8-%d0%bf%d0%be%d0%bb%d0%be%d0%b6%d0%b5%d0%bd%d0%b8%d1%8f\/\",\"url\":\"https:\/\/cokparking.com\/ru\/%d1%83%d1%81%d0%bb%d0%be%d0%b2%d0%b8%d1%8f-%d0%b8-%d0%bf%d0%be%d0%bb%d0%be%d0%b6%d0%b5%d0%bd%d0%b8%d1%8f\/\",\"name\":\"T\u00e9rminos y Condiciones &#187; CokParking\",\"isPartOf\":{\"@id\":\"https:\/\/cokparking.com\/ru\/#website\"},\"datePublished\":\"2025-02-11T22:19:57+00:00\",\"dateModified\":\"2025-02-11T22:20:37+00:00\",\"description\":\"T\u00e9rminos y Condiciones del Servicio Obligaciones del Propietario del Parking De acuerdo con la Ley Reguladora del Contrato de Aparcamiento de Veh\u00edculos\",\"breadcrumb\":{\"@id\":\"https:\/\/cokparking.com\/ru\/%d1%83%d1%81%d0%bb%d0%be%d0%b2%d0%b8%d1%8f-%d0%b8-%d0%bf%d0%be%d0%bb%d0%be%d0%b6%d0%b5%d0%bd%d0%b8%d1%8f\/#breadcrumb\"},\"inLanguage\":\"fr-FR\",\"potentialAction\":[{\"@type\":\"ReadAction\",\"target\":[\"https:\/\/cokparking.com\/ru\/%d1%83%d1%81%d0%bb%d0%be%d0%b2%d0%b8%d1%8f-%d0%b8-%d0%bf%d0%be%d0%bb%d0%be%d0%b6%d0%b5%d0%bd%d0%b8%d1%8f\/\"]}]},{\"@type\":\"BreadcrumbList\",\"@id\":\"https:\/\/cokparking.com\/ru\/%d1%83%d1%81%d0%bb%d0%be%d0%b2%d0%b8%d1%8f-%d0%b8-%d0%bf%d0%be%d0%bb%d0%be%d0%b6%d0%b5%d0%bd%d0%b8%d1%8f\/#breadcrumb\",\"itemListElement\":[{\"@type\":\"ListItem\",\"position\":1,\"name\":\"Portada\",\"item\":\"https:\/\/cokparking.com\/\"},{\"@type\":\"ListItem\",\"position\":2,\"name\":\"T\u00e9rminos y Condiciones\"}]},{\"@type\":\"WebSite\",\"@id\":\"https:\/\/cokparking.com\/ru\/#website\",\"url\":\"https:\/\/cokparking.com\/ru\/\",\"name\":\"CokParking\",\"description\":\"Parking Aeropuerto Alicante Pol\u00edgono 1, 43, 03195 Elche, Alicante\",\"publisher\":{\"@id\":\"https:\/\/cokparking.com\/ru\/#organization\"},\"alternateName\":\"Cok Parking\",\"potentialAction\":[{\"@type\":\"SearchAction\",\"target\":{\"@type\":\"EntryPoint\",\"urlTemplate\":\"https:\/\/cokparking.com\/ru\/?s={search_term_string}\"},\"query-input\":{\"@type\":\"PropertyValueSpecification\",\"valueRequired\":true,\"valueName\":\"search_term_string\"}}],\"inLanguage\":\"fr-FR\"},{\"@type\":\"Organization\",\"@id\":\"https:\/\/cokparking.com\/ru\/#organization\",\"name\":\"CokParking\",\"alternateName\":\"Cok Parking\",\"url\":\"https:\/\/cokparking.com\/ru\/\",\"logo\":{\"@type\":\"ImageObject\",\"inLanguage\":\"fr-FR\",\"@id\":\"https:\/\/cokparking.com\/ru\/#\/schema\/logo\/image\/\",\"url\":\"https:\/\/cokparking.com\/wp-content\/uploads\/2025\/02\/cokparking.webp\",\"contentUrl\":\"https:\/\/cokparking.com\/wp-content\/uploads\/2025\/02\/cokparking.webp\",\"width\":394,\"height\":338,\"caption\":\"CokParking\"},\"image\":{\"@id\":\"https:\/\/cokparking.com\/ru\/#\/schema\/logo\/image\/\"}}]}<\/script>\n<!-- \/ Yoast SEO plugin. -->","yoast_head_json":{"title":"Conditions g\u00e9n\u00e9rales \u00bb CockParking","description":"Conditions g\u00e9n\u00e9rales de service Obligations du propri\u00e9taire du parking Conform\u00e9ment \u00e0 la loi r\u00e9gissant les contrats de stationnement de v\u00e9hicules","robots":{"index":"index","follow":"follow","max-snippet":"max-snippet:-1","max-image-preview":"max-image-preview:large","max-video-preview":"max-video-preview:-1"},"canonical":"https:\/\/cokparking.com\/fr\/termes-et-conditions\/","og_locale":"fr_FR","og_type":"article","og_title":"T\u00e9rminos y Condiciones &#187; CokParking","og_description":"T\u00e9rminos y Condiciones del Servicio Obligaciones del Propietario del Parking De acuerdo con la Ley Reguladora del Contrato de Aparcamiento de Veh\u00edculos","og_url":"https:\/\/cokparking.com\/fr\/termes-et-conditions\/","og_site_name":"CokParking","article_modified_time":"2025-02-11T22:20:37+00:00","og_image":[{"width":1230,"height":693,"url":"https:\/\/cokparking.com\/wp-content\/uploads\/2025\/02\/alicante-air-port.webp","type":"image\/webp"}],"twitter_card":"summary_large_image","twitter_misc":{"Dur\u00e9e de lecture estim\u00e9e":"6 minutes"},"schema":{"@context":"https:\/\/schema.org","@graph":[{"@type":"WebPage","@id":"https:\/\/cokparking.com\/ru\/%d1%83%d1%81%d0%bb%d0%be%d0%b2%d0%b8%d1%8f-%d0%b8-%d0%bf%d0%be%d0%bb%d0%be%d0%b6%d0%b5%d0%bd%d0%b8%d1%8f\/","url":"https:\/\/cokparking.com\/ru\/%d1%83%d1%81%d0%bb%d0%be%d0%b2%d0%b8%d1%8f-%d0%b8-%d0%bf%d0%be%d0%bb%d0%be%d0%b6%d0%b5%d0%bd%d0%b8%d1%8f\/","name":"Conditions g\u00e9n\u00e9rales \u00bb CockParking","isPartOf":{"@id":"https:\/\/cokparking.com\/ru\/#website"},"datePublished":"2025-02-11T22:19:57+00:00","dateModified":"2025-02-11T22:20:37+00:00","description":"Conditions g\u00e9n\u00e9rales de service Obligations du propri\u00e9taire du parking Conform\u00e9ment \u00e0 la loi r\u00e9gissant les contrats de stationnement de v\u00e9hicules","breadcrumb":{"@id":"https:\/\/cokparking.com\/ru\/%d1%83%d1%81%d0%bb%d0%be%d0%b2%d0%b8%d1%8f-%d0%b8-%d0%bf%d0%be%d0%bb%d0%be%d0%b6%d0%b5%d0%bd%d0%b8%d1%8f\/#breadcrumb"},"inLanguage":"fr-FR","potentialAction":[{"@type":"ReadAction","target":["https:\/\/cokparking.com\/ru\/%d1%83%d1%81%d0%bb%d0%be%d0%b2%d0%b8%d1%8f-%d0%b8-%d0%bf%d0%be%d0%bb%d0%be%d0%b6%d0%b5%d0%bd%d0%b8%d1%8f\/"]}]},{"@type":"BreadcrumbList","@id":"https:\/\/cokparking.com\/ru\/%d1%83%d1%81%d0%bb%d0%be%d0%b2%d0%b8%d1%8f-%d0%b8-%d0%bf%d0%be%d0%bb%d0%be%d0%b6%d0%b5%d0%bd%d0%b8%d1%8f\/#breadcrumb","itemListElement":[{"@type":"ListItem","position":1,"name":"Portada","item":"https:\/\/cokparking.com\/"},{"@type":"ListItem","position":2,"name":"T\u00e9rminos y Condiciones"}]},{"@type":"WebSite","@id":"https:\/\/cokparking.com\/ru\/#website","url":"https:\/\/cokparking.com\/ru\/","name":"CockParking","description":"Parking de l&#039;a\u00e9roport d&#039;Alicante Zone industrielle 1, 43, 03195 Elche, Alicante","publisher":{"@id":"https:\/\/cokparking.com\/ru\/#organization"},"alternateName":"Cok Parking","potentialAction":[{"@type":"SearchAction","target":{"@type":"EntryPoint","urlTemplate":"https:\/\/cokparking.com\/ru\/?s={search_term_string}"},"query-input":{"@type":"PropertyValueSpecification","valueRequired":true,"valueName":"search_term_string"}}],"inLanguage":"fr-FR"},{"@type":"Organization","@id":"https:\/\/cokparking.com\/ru\/#organization","name":"CockParking","alternateName":"Cok Parking","url":"https:\/\/cokparking.com\/ru\/","logo":{"@type":"ImageObject","inLanguage":"fr-FR","@id":"https:\/\/cokparking.com\/ru\/#\/schema\/logo\/image\/","url":"https:\/\/cokparking.com\/wp-content\/uploads\/2025\/02\/cokparking.webp","contentUrl":"https:\/\/cokparking.com\/wp-content\/uploads\/2025\/02\/cokparking.webp","width":394,"height":338,"caption":"CokParking"},"image":{"@id":"https:\/\/cokparking.com\/ru\/#\/schema\/logo\/image\/"}}]}},"_links":{"self":[{"href":"https:\/\/cokparking.com\/fr\/wp-json\/wp\/v2\/pages\/146","targetHints":{"allow":["GET"]}}],"collection":[{"href":"https:\/\/cokparking.com\/fr\/wp-json\/wp\/v2\/pages"}],"about":[{"href":"https:\/\/cokparking.com\/fr\/wp-json\/wp\/v2\/types\/page"}],"author":[{"embeddable":true,"href":"https:\/\/cokparking.com\/fr\/wp-json\/wp\/v2\/users\/1"}],"replies":[{"embeddable":true,"href":"https:\/\/cokparking.com\/fr\/wp-json\/wp\/v2\/comments?post=146"}],"version-history":[{"count":2,"href":"https:\/\/cokparking.com\/fr\/wp-json\/wp\/v2\/pages\/146\/revisions"}],"predecessor-version":[{"id":148,"href":"https:\/\/cokparking.com\/fr\/wp-json\/wp\/v2\/pages\/146\/revisions\/148"}],"wp:attachment":[{"href":"https:\/\/cokparking.com\/fr\/wp-json\/wp\/v2\/media?parent=146"}],"curies":[{"name":"wp","href":"https:\/\/api.w.org\/{rel}","templated":true}]}}