{"id":146,"date":"2025-02-11T23:19:57","date_gmt":"2025-02-11T22:19:57","guid":{"rendered":"http:\/\/web.cokparking.com\/?page_id=146"},"modified":"2025-02-11T23:20:37","modified_gmt":"2025-02-11T22:20:37","slug":"geschaftsbedingungen","status":"publish","type":"page","link":"https:\/\/cokparking.com\/de\/geschaftsbedingungen\/","title":{"rendered":"Gesch\u00e4ftsbedingungen"},"content":{"rendered":"<h2 class=\"wp-block-heading\"><strong>Allgemeine Gesch\u00e4ftsbedingungen<\/strong><\/h2>\n\n\n\n<h4 class=\"wp-block-heading\"><strong>Pflichten des Parkplatzbesitzers<\/strong><\/h4>\n\n\n\n<p>Gem\u00e4\u00df dem Gesetz zur Regelung des Fahrzeugparkvertrags (Gesetz 40\/2002 vom 14. November) ist der Eigent\u00fcmer des Parkplatzes f\u00fcr s\u00e4mtliche Sch\u00e4den verantwortlich, die am Fahrzeug oder am Benutzer entstehen k\u00f6nnen, mit Ausnahme von Sch\u00e4den, die durch Dritte oder den Benutzer des Parkplatzes verursacht werden. Hierzu geh\u00f6ren:<\/p>\n\n\n\n<ul class=\"wp-block-list\">\n<li>Personensch\u00e4den aufgrund schlechten Zustands oder mangelhafter Wartung der Einrichtungen.<\/li>\n\n\n\n<li>Fahrzeugsch\u00e4den durch Erdrutsche, \u00dcberschwemmungen durch geplatzte Rohre usw.<\/li>\n\n\n\n<li>Sch\u00e4den durch Diebstahl am Fahrzeug: zerbrochene Fenster, Verschwinden des Fahrzeugs usw. Ausgeschlossen sind bei Sch\u00e4den durch Diebstahl s\u00e4mtliche Fahrzeugzubeh\u00f6rteile, welche nicht fester oder untrennbarer Bestandteil des Fahrzeuges sind.<\/li>\n<\/ul>\n\n\n\n<p>F\u00fcr Sch\u00e4den an Fahrzeugen oder Eigentum, die durch Naturkatastrophen beim Parken im Freien entstehen, \u00fcbernimmt das Unternehmen keine Haftung.<\/p>\n\n\n\n<p>W\u00e4hrend des Transfers Ihres Fahrzeugs zum oder vom Flughafen ist es durch Ihre pers\u00f6nliche Versicherung abgedeckt und der Kunde ist f\u00fcr etwaige Anspr\u00fcche verantwortlich, wenn festgestellt wird, dass die Schuld der anderen Partei liegt.<\/p>\n\n\n\n<p>Wenn festgestellt wird, dass ein Fehler bei unserem Personal vorliegt, \u00fcbernimmt COK Parking die Verantwortung und trifft die notwendigen Vorkehrungen f\u00fcr die Reparatur.<\/p>\n\n\n\n<p>COK Parking haftet nicht f\u00fcr k\u00fcnftige Preiserh\u00f6hungen der Versicherungspolice des Kunden im Schadensfall.<\/p>\n\n\n\n<p>Sobald das Auto vom Kunden abgeholt wurde, akzeptieren wir keine Beschwerden \u00fcber Autosch\u00e4den; Der Kunde muss dies bei der Lieferung \u00fcberpr\u00fcfen.<\/p>\n\n\n\n<p>Unser Parkservice steht Ihnen von 4:00 bis 1:00 Uhr an 365 Tagen im Jahr zur Verf\u00fcgung.<\/p>\n\n\n\n<p>Nach 01:00 Uhr ist ein Zuschlag von 5 Euro pro Stunde f\u00e4llig.<\/p>\n\n\n\n<p>Kunden mit Jahresvertr\u00e4gen m\u00fcssen ihre Reservierung immer mindestens 24 Stunden im Voraus online vornehmen, sonst werden ihnen 10,- \u20ac berechnet.<\/p>\n\n\n\n<h4 class=\"wp-block-heading\"><strong>Pflichten des Nutzers<\/strong><\/h4>\n\n\n\n<p>S\u00e4mtliche losen Gegenst\u00e4nde und Zubeh\u00f6rteile wie beispielsweise Radio, Mobiltelefon oder Papiere sind vom Kunden aus dem Fahrzeug zu entfernen. Wir akzeptieren keine Anspr\u00fcche wegen Verlust oder Besch\u00e4digung von Autoabdeckungen und unsere Mitarbeiter sind nicht verpflichtet, diese anzubringen. Zur Abholung des Fahrzeugs ist das Vorzeigen des Tickets bzw. des schriftlichen Nachweises zwingend erforderlich. Wird dieser nicht vorgelegt, muss der Besitz des Fahrzeuges nachgewiesen werden. Hierzu legt das Unternehmen einen schriftlichen Nachweis mit folgenden Informationen vor:<\/p>\n\n\n\n<ul class=\"wp-block-list\">\n<li>Tag und Uhrzeit des Einlasses, sofern diese f\u00fcr die Preisfestsetzung ma\u00dfgebend sind.<\/li>\n\n\n\n<li>Identifizierung des Fahrzeugs und seines Fahrers.<\/li>\n<\/ul>\n\n\n\n<p>Das Unternehmen kann nicht haftbar gemacht werden, wenn Sie Ihre R\u00fcckgabeanweisungen\/nummerierte Quittung verlieren und diese dem Unternehmen von einem Dritten vorgelegt werden, der damit Ihr Auto betr\u00fcgerisch abholt.<\/p>\n\n\n\n<p>Der Kunde muss sicherstellen, dass das Fahrzeug zum zwischen beiden Parteien, dem Kunden und COK Parking, vereinbarten Zeitpunkt zur\u00fcckgegeben wird. Sollte der Kunde sein Fahrzeug nicht zum vereinbarten Zeitpunkt verlassen, k\u00f6nnen f\u00fcr den Kunden zus\u00e4tzliche Kosten anfallen.<\/p>\n\n\n\n<p>Der Kunde ist f\u00fcr alle zus\u00e4tzlichen Tage \u00fcber die urspr\u00fcngliche Reservierung hinaus verantwortlich und muss diese bei der Abholung des Fahrzeugs bezahlen.<\/p>\n\n\n\n<p>Der Kunde muss COK Parking die Originaldokumente oder Fotokopien aller relevanten Fahrzeugpapiere einschlie\u00dflich der Zulassungsdokumente, der Versicherungspolice und einer g\u00fcltigen T\u00dcV-Bescheinigung vorlegen. Ohne diese Unterlagen \u00fcbernimmt COK Parking keine Verantwortung f\u00fcr etwaige Bu\u00dfgelder oder zus\u00e4tzliche Kosten.<\/p>\n\n\n\n<p>Ist der Kunde nicht Eigent\u00fcmer des Fahrzeugs, gehen etwaige Rechtsverfolgungskosten und Sch\u00e4den zulasten des Fahrzeughalters.<\/p>\n\n\n\n<p>F\u00fcr den Fall, dass das Original verloren geht, muss der Kunde einen Ersatzschl\u00fcssel bzw. Schl\u00fcsselcode mitf\u00fchren. Es wird keine Haftung \u00fcbernommen, wenn der Kunde keinen Ersatzschl\u00fcssel besitzt.<\/p>\n\n\n\n<p>Es wird empfohlen, ausreichend Zeit f\u00fcr die Anreise einzuplanen, um mindestens 20 Minuten vor der von Ihrer Fluggesellschaft angegebenen Check-in-Zeit am Treffpunkt einzutreffen.<\/p>\n\n\n\n<p>Wir sind nicht f\u00fcr etwaige Verluste verantwortlich, die Ihnen entstehen, wenn Sie wegen Verkehrsbehinderung Ihren Flug verpassen.<\/p>\n\n\n\n<p>F\u00fcr die Anfahrt zu unserem Treffpunkt und die R\u00fcckkehr dorthin ist der Parknutzer selbst verantwortlich; F\u00fcr die Schwierigkeiten bei der Suche und den durch die Wartezeit verursachten Stress \u00fcbernehmen wir keine Verantwortung.<\/p>\n\n\n\n<h4 class=\"wp-block-heading\"><strong>Rechte des Parkplatzbesitzers<\/strong><\/h4>\n\n\n\n<p>Der Eigent\u00fcmer des Parkplatzes hat das Recht, das Fahrzeug als Sicherheit f\u00fcr die Zahlung der Parkgeb\u00fchr gegen\u00fcber jeder Person einzubehalten. Das Unternehmen beh\u00e4lt sich das Recht vor, die Preise mit oder ohne Vorank\u00fcndigung zu \u00e4ndern. Unsere Preise verstehen sich inklusive Mehrwertsteuer.<\/p>\n\n\n\n<p>Der Parkplatzbesitzer kann das in Artikel 71 der Neufassung des Stra\u00dfenverkehrsgesetzes vorgesehene Verfahren anwenden, wenn ein Fahrzeug \u00fcber einen l\u00e4ngeren Zeitraum geparkt bleibt, ohne dass eine Reaktion der Besitzer erfolgt.<\/p>\n\n\n\n<p>Das Unternehmen beh\u00e4lt sich das Recht vor, Ihr Fahrzeug innerhalb des Parkplatzes zu bewegen, und zwar mit dem Auto oder auf andere Weise, soweit das Unternehmen, seine Mitarbeiter oder Vertreter dies f\u00fcr die effiziente Organisation der Parkm\u00f6glichkeiten f\u00fcr notwendig erachten. Der Fahrzeugschl\u00fcssel wird grunds\u00e4tzlich an unsere Mitarbeiter ausgeh\u00e4ndigt.<\/p>\n\n\n\n<p>Bei ung\u00fcnstigen Witterungsverh\u00e4ltnissen beh\u00e4lt sich das Unternehmen vor, die kostenlose Au\u00dfenw\u00e4sche nicht durchzuf\u00fchren. Wir sind au\u00dferdem nicht daf\u00fcr verantwortlich, wenn die kostenlose Reinigung nicht den hohen Standards entspricht.<\/p>\n\n\n\n<p>Das Unternehmen \u00fcbernimmt keine Verantwortung f\u00fcr mechanische Defekte an Ihrem Fahrzeug. Startprobleme mit der Batterie, defekte Fensterheber, Reifenpannen, Autoschl\u00fcssel, Kn\u00f6pfe usw. Wir werden versuchen, den Kunden zu helfen, aber wir \u00fcbernehmen keine Verantwortung. Sch\u00e4den an Windschutzscheiben, Fenstern oder T\u00fcrgriffen des Fahrzeugs werden von uns nicht abgedeckt.<\/p>\n\n\n\n<p>Das Unternehmen \u00fcbernimmt keine Verantwortung f\u00fcr Reifenpannen oder andere Sch\u00e4den. Eventuelle Reifenreparaturkosten gehen zu Lasten des Eigent\u00fcmers.<\/p>\n\n\n\n<p>Das Unternehmen \u00fcbernimmt keine Verantwortung f\u00fcr den Verlust abnehmbarer Fahrzeugteile (Spiegel, Auspuffanlagen, Antennen usw.).<\/p>\n\n\n\n<p>Das Unternehmen \u00fcbernimmt keine Verantwortung f\u00fcr Sch\u00e4den, Beulen, Kratzer oder kleine Schrammen mit einem Durchmesser von weniger als 5 cm, da diese f\u00fcr uns m\u00f6glicherweise nicht erkennbar sind. F\u00fcr diese Sch\u00e4den \u00fcbernehmen wir keine Haftung.<\/p>\n\n\n\n<p>Wir haben das Recht, ein Fahrzeug trotz Ihrer Reservierung abzulehnen, wenn es sich nicht in fahrbereitem Zustand befindet oder wenn es zu gro\u00df ist und uns Probleme bereiten oder eine Gefahr f\u00fcr andere Fahrzeuge darstellen k\u00f6nnte.<\/p>\n\n\n\n<p>Das Abstellen eines Fahrzeugs auf unserer Anlage erm\u00f6glicht und verpflichtet den Benutzer zur Einhaltung aller dieser Bedingungen und Vorschriften.<\/p>\n\n\n\n<p>COK Parking behandelt Ihre personenbezogenen Daten gem\u00e4\u00df unserer Datenschutzrichtlinie und befolgt die entsprechenden spanischen Gesetze.<\/p>","protected":false},"excerpt":{"rendered":"<p>T\u00e9rminos y Condiciones del Servicio Obligaciones del Propietario del Parking De acuerdo con la Ley Reguladora del Contrato de Aparcamiento de Veh\u00edculos (Ley 40\/2002, de 14 de noviembre), el propietario del parking es responsable de los da\u00f1os que pueda sufrir el veh\u00edculo o el usuario, excepto por da\u00f1os causados por terceros o por el propio [&hellip;]<\/p>","protected":false},"author":1,"featured_media":0,"parent":0,"menu_order":0,"comment_status":"closed","ping_status":"closed","template":"","meta":{"footnotes":""},"class_list":["post-146","page","type-page","status-publish","hentry"],"yoast_head":"<!-- This site is optimized with the Yoast SEO plugin v26.6 - https:\/\/yoast.com\/wordpress\/plugins\/seo\/ -->\n<title>T\u00e9rminos y Condiciones &#187; CokParking<\/title>\n<meta name=\"description\" content=\"T\u00e9rminos y Condiciones del Servicio Obligaciones del Propietario del Parking De acuerdo con la Ley Reguladora del Contrato de Aparcamiento de Veh\u00edculos\" \/>\n<meta name=\"robots\" content=\"index, follow, max-snippet:-1, max-image-preview:large, max-video-preview:-1\" \/>\n<link rel=\"canonical\" href=\"https:\/\/cokparking.com\/de\/geschaftsbedingungen\/\" \/>\n<meta property=\"og:locale\" content=\"de_DE\" \/>\n<meta property=\"og:type\" content=\"article\" \/>\n<meta property=\"og:title\" content=\"T\u00e9rminos y Condiciones &#187; CokParking\" \/>\n<meta property=\"og:description\" content=\"T\u00e9rminos y Condiciones del Servicio Obligaciones del Propietario del Parking De acuerdo con la Ley Reguladora del Contrato de Aparcamiento de Veh\u00edculos\" \/>\n<meta property=\"og:url\" content=\"https:\/\/cokparking.com\/de\/geschaftsbedingungen\/\" \/>\n<meta property=\"og:site_name\" content=\"CokParking\" \/>\n<meta property=\"article:modified_time\" content=\"2025-02-11T22:20:37+00:00\" \/>\n<meta property=\"og:image\" content=\"https:\/\/cokparking.com\/wp-content\/uploads\/2025\/02\/alicante-air-port.webp\" \/>\n\t<meta property=\"og:image:width\" content=\"1230\" \/>\n\t<meta property=\"og:image:height\" content=\"693\" \/>\n\t<meta property=\"og:image:type\" content=\"image\/webp\" \/>\n<meta name=\"twitter:card\" content=\"summary_large_image\" \/>\n<meta name=\"twitter:label1\" content=\"Gesch\u00e4tzte Lesezeit\" \/>\n\t<meta name=\"twitter:data1\" content=\"6 minutes\" \/>\n<script type=\"application\/ld+json\" class=\"yoast-schema-graph\">{\"@context\":\"https:\/\/schema.org\",\"@graph\":[{\"@type\":\"WebPage\",\"@id\":\"https:\/\/cokparking.com\/ru\/%d1%83%d1%81%d0%bb%d0%be%d0%b2%d0%b8%d1%8f-%d0%b8-%d0%bf%d0%be%d0%bb%d0%be%d0%b6%d0%b5%d0%bd%d0%b8%d1%8f\/\",\"url\":\"https:\/\/cokparking.com\/ru\/%d1%83%d1%81%d0%bb%d0%be%d0%b2%d0%b8%d1%8f-%d0%b8-%d0%bf%d0%be%d0%bb%d0%be%d0%b6%d0%b5%d0%bd%d0%b8%d1%8f\/\",\"name\":\"T\u00e9rminos y Condiciones &#187; CokParking\",\"isPartOf\":{\"@id\":\"https:\/\/cokparking.com\/ru\/#website\"},\"datePublished\":\"2025-02-11T22:19:57+00:00\",\"dateModified\":\"2025-02-11T22:20:37+00:00\",\"description\":\"T\u00e9rminos y Condiciones del Servicio Obligaciones del Propietario del Parking De acuerdo con la Ley Reguladora del Contrato de Aparcamiento de Veh\u00edculos\",\"breadcrumb\":{\"@id\":\"https:\/\/cokparking.com\/ru\/%d1%83%d1%81%d0%bb%d0%be%d0%b2%d0%b8%d1%8f-%d0%b8-%d0%bf%d0%be%d0%bb%d0%be%d0%b6%d0%b5%d0%bd%d0%b8%d1%8f\/#breadcrumb\"},\"inLanguage\":\"de-DE\",\"potentialAction\":[{\"@type\":\"ReadAction\",\"target\":[\"https:\/\/cokparking.com\/ru\/%d1%83%d1%81%d0%bb%d0%be%d0%b2%d0%b8%d1%8f-%d0%b8-%d0%bf%d0%be%d0%bb%d0%be%d0%b6%d0%b5%d0%bd%d0%b8%d1%8f\/\"]}]},{\"@type\":\"BreadcrumbList\",\"@id\":\"https:\/\/cokparking.com\/ru\/%d1%83%d1%81%d0%bb%d0%be%d0%b2%d0%b8%d1%8f-%d0%b8-%d0%bf%d0%be%d0%bb%d0%be%d0%b6%d0%b5%d0%bd%d0%b8%d1%8f\/#breadcrumb\",\"itemListElement\":[{\"@type\":\"ListItem\",\"position\":1,\"name\":\"Portada\",\"item\":\"https:\/\/cokparking.com\/\"},{\"@type\":\"ListItem\",\"position\":2,\"name\":\"T\u00e9rminos y Condiciones\"}]},{\"@type\":\"WebSite\",\"@id\":\"https:\/\/cokparking.com\/ru\/#website\",\"url\":\"https:\/\/cokparking.com\/ru\/\",\"name\":\"CokParking\",\"description\":\"Parking Aeropuerto Alicante Pol\u00edgono 1, 43, 03195 Elche, Alicante\",\"publisher\":{\"@id\":\"https:\/\/cokparking.com\/ru\/#organization\"},\"alternateName\":\"Cok Parking\",\"potentialAction\":[{\"@type\":\"SearchAction\",\"target\":{\"@type\":\"EntryPoint\",\"urlTemplate\":\"https:\/\/cokparking.com\/ru\/?s={search_term_string}\"},\"query-input\":{\"@type\":\"PropertyValueSpecification\",\"valueRequired\":true,\"valueName\":\"search_term_string\"}}],\"inLanguage\":\"de-DE\"},{\"@type\":\"Organization\",\"@id\":\"https:\/\/cokparking.com\/ru\/#organization\",\"name\":\"CokParking\",\"alternateName\":\"Cok Parking\",\"url\":\"https:\/\/cokparking.com\/ru\/\",\"logo\":{\"@type\":\"ImageObject\",\"inLanguage\":\"de-DE\",\"@id\":\"https:\/\/cokparking.com\/ru\/#\/schema\/logo\/image\/\",\"url\":\"https:\/\/cokparking.com\/wp-content\/uploads\/2025\/02\/cokparking.webp\",\"contentUrl\":\"https:\/\/cokparking.com\/wp-content\/uploads\/2025\/02\/cokparking.webp\",\"width\":394,\"height\":338,\"caption\":\"CokParking\"},\"image\":{\"@id\":\"https:\/\/cokparking.com\/ru\/#\/schema\/logo\/image\/\"}}]}<\/script>\n<!-- \/ Yoast SEO plugin. -->","yoast_head_json":{"title":"Allgemeine Gesch\u00e4ftsbedingungen \u00bb CockParking","description":"Allgemeine Gesch\u00e4ftsbedingungen f\u00fcr die Leistungspflichten des Parkplatzbesitzers gem\u00e4\u00df dem Gesetz zur Regelung des Kfz-Parkvertrags","robots":{"index":"index","follow":"follow","max-snippet":"max-snippet:-1","max-image-preview":"max-image-preview:large","max-video-preview":"max-video-preview:-1"},"canonical":"https:\/\/cokparking.com\/de\/geschaftsbedingungen\/","og_locale":"de_DE","og_type":"article","og_title":"T\u00e9rminos y Condiciones &#187; CokParking","og_description":"T\u00e9rminos y Condiciones del Servicio Obligaciones del Propietario del Parking De acuerdo con la Ley Reguladora del Contrato de Aparcamiento de Veh\u00edculos","og_url":"https:\/\/cokparking.com\/de\/geschaftsbedingungen\/","og_site_name":"CokParking","article_modified_time":"2025-02-11T22:20:37+00:00","og_image":[{"width":1230,"height":693,"url":"https:\/\/cokparking.com\/wp-content\/uploads\/2025\/02\/alicante-air-port.webp","type":"image\/webp"}],"twitter_card":"summary_large_image","twitter_misc":{"Gesch\u00e4tzte Lesezeit":"6 minutes"},"schema":{"@context":"https:\/\/schema.org","@graph":[{"@type":"WebPage","@id":"https:\/\/cokparking.com\/ru\/%d1%83%d1%81%d0%bb%d0%be%d0%b2%d0%b8%d1%8f-%d0%b8-%d0%bf%d0%be%d0%bb%d0%be%d0%b6%d0%b5%d0%bd%d0%b8%d1%8f\/","url":"https:\/\/cokparking.com\/ru\/%d1%83%d1%81%d0%bb%d0%be%d0%b2%d0%b8%d1%8f-%d0%b8-%d0%bf%d0%be%d0%bb%d0%be%d0%b6%d0%b5%d0%bd%d0%b8%d1%8f\/","name":"Allgemeine Gesch\u00e4ftsbedingungen \u00bb CockParking","isPartOf":{"@id":"https:\/\/cokparking.com\/ru\/#website"},"datePublished":"2025-02-11T22:19:57+00:00","dateModified":"2025-02-11T22:20:37+00:00","description":"Allgemeine Gesch\u00e4ftsbedingungen f\u00fcr die Leistungspflichten des Parkplatzbesitzers gem\u00e4\u00df dem Gesetz zur Regelung des Kfz-Parkvertrags","breadcrumb":{"@id":"https:\/\/cokparking.com\/ru\/%d1%83%d1%81%d0%bb%d0%be%d0%b2%d0%b8%d1%8f-%d0%b8-%d0%bf%d0%be%d0%bb%d0%be%d0%b6%d0%b5%d0%bd%d0%b8%d1%8f\/#breadcrumb"},"inLanguage":"de-DE","potentialAction":[{"@type":"ReadAction","target":["https:\/\/cokparking.com\/ru\/%d1%83%d1%81%d0%bb%d0%be%d0%b2%d0%b8%d1%8f-%d0%b8-%d0%bf%d0%be%d0%bb%d0%be%d0%b6%d0%b5%d0%bd%d0%b8%d1%8f\/"]}]},{"@type":"BreadcrumbList","@id":"https:\/\/cokparking.com\/ru\/%d1%83%d1%81%d0%bb%d0%be%d0%b2%d0%b8%d1%8f-%d0%b8-%d0%bf%d0%be%d0%bb%d0%be%d0%b6%d0%b5%d0%bd%d0%b8%d1%8f\/#breadcrumb","itemListElement":[{"@type":"ListItem","position":1,"name":"Portada","item":"https:\/\/cokparking.com\/"},{"@type":"ListItem","position":2,"name":"T\u00e9rminos y Condiciones"}]},{"@type":"WebSite","@id":"https:\/\/cokparking.com\/ru\/#website","url":"https:\/\/cokparking.com\/ru\/","name":"SchwanzParken","description":"Parkplatz am Flughafen Alicante, Industriegebiet 1, 43, 03195 Elche, Alicante","publisher":{"@id":"https:\/\/cokparking.com\/ru\/#organization"},"alternateName":"Cok Parking","potentialAction":[{"@type":"SearchAction","target":{"@type":"EntryPoint","urlTemplate":"https:\/\/cokparking.com\/ru\/?s={search_term_string}"},"query-input":{"@type":"PropertyValueSpecification","valueRequired":true,"valueName":"search_term_string"}}],"inLanguage":"de-DE"},{"@type":"Organization","@id":"https:\/\/cokparking.com\/ru\/#organization","name":"SchwanzParken","alternateName":"Cok Parking","url":"https:\/\/cokparking.com\/ru\/","logo":{"@type":"ImageObject","inLanguage":"de-DE","@id":"https:\/\/cokparking.com\/ru\/#\/schema\/logo\/image\/","url":"https:\/\/cokparking.com\/wp-content\/uploads\/2025\/02\/cokparking.webp","contentUrl":"https:\/\/cokparking.com\/wp-content\/uploads\/2025\/02\/cokparking.webp","width":394,"height":338,"caption":"CokParking"},"image":{"@id":"https:\/\/cokparking.com\/ru\/#\/schema\/logo\/image\/"}}]}},"_links":{"self":[{"href":"https:\/\/cokparking.com\/de\/wp-json\/wp\/v2\/pages\/146","targetHints":{"allow":["GET"]}}],"collection":[{"href":"https:\/\/cokparking.com\/de\/wp-json\/wp\/v2\/pages"}],"about":[{"href":"https:\/\/cokparking.com\/de\/wp-json\/wp\/v2\/types\/page"}],"author":[{"embeddable":true,"href":"https:\/\/cokparking.com\/de\/wp-json\/wp\/v2\/users\/1"}],"replies":[{"embeddable":true,"href":"https:\/\/cokparking.com\/de\/wp-json\/wp\/v2\/comments?post=146"}],"version-history":[{"count":2,"href":"https:\/\/cokparking.com\/de\/wp-json\/wp\/v2\/pages\/146\/revisions"}],"predecessor-version":[{"id":148,"href":"https:\/\/cokparking.com\/de\/wp-json\/wp\/v2\/pages\/146\/revisions\/148"}],"wp:attachment":[{"href":"https:\/\/cokparking.com\/de\/wp-json\/wp\/v2\/media?parent=146"}],"curies":[{"name":"wp","href":"https:\/\/api.w.org\/{rel}","templated":true}]}}